{"id":718,"date":"2020-10-16T17:44:02","date_gmt":"2020-10-16T20:44:02","guid":{"rendered":"https:\/\/consultas.ufmg.br\/?page_id=718"},"modified":"2021-03-26T15:44:17","modified_gmt":"2021-03-26T18:44:17","slug":"fale-conosco","status":"publish","type":"page","link":"https:\/\/consultas.ufmg.br\/?page_id=718","title":{"rendered":"Fale conosco"},"content":{"rendered":"\t\t<div data-elementor-type=\"wp-page\" data-elementor-id=\"718\" class=\"elementor elementor-718\" data-elementor-settings=\"[]\">\n\t\t\t\t\t\t<div class=\"elementor-inner\">\n\t\t\t\t\t\t\t<div class=\"elementor-section-wrap\">\n\t\t\t\t\t\t\t<section class=\"elementor-section elementor-top-section elementor-element elementor-element-56a045c elementor-section-boxed elementor-section-height-default elementor-section-height-default\" data-id=\"56a045c\" data-element_type=\"section\">\n\t\t\t\t\t\t<div class=\"elementor-container elementor-column-gap-default\">\n\t\t\t\t\t\t\t<div class=\"elementor-row\">\n\t\t\t\t\t<div class=\"elementor-column elementor-col-100 elementor-top-column elementor-element elementor-element-f53b989\" data-id=\"f53b989\" data-element_type=\"column\">\n\t\t\t<div class=\"elementor-column-wrap elementor-element-populated\">\n\t\t\t\t\t\t\t<div class=\"elementor-widget-wrap\">\n\t\t\t\t\t\t<div class=\"elementor-element elementor-element-6da3fb5 elementor-widget elementor-widget-heading\" data-id=\"6da3fb5\" data-element_type=\"widget\" data-widget_type=\"heading.default\">\n\t\t\t\t<div class=\"elementor-widget-container\">\n\t\t\t<h2 class=\"elementor-heading-title elementor-size-default\">Fale conosco<\/h2>\t\t<\/div>\n\t\t\t\t<\/div>\n\t\t\t\t\t\t<\/div>\n\t\t\t\t\t<\/div>\n\t\t<\/div>\n\t\t\t\t\t\t\t\t<\/div>\n\t\t\t\t\t<\/div>\n\t\t<\/section>\n\t\t\t\t<section class=\"elementor-section elementor-top-section elementor-element elementor-element-7f91503 elementor-section-boxed elementor-section-height-default elementor-section-height-default\" data-id=\"7f91503\" data-element_type=\"section\">\n\t\t\t\t\t\t<div class=\"elementor-container elementor-column-gap-default\">\n\t\t\t\t\t\t\t<div class=\"elementor-row\">\n\t\t\t\t\t<div class=\"elementor-column elementor-col-100 elementor-top-column elementor-element elementor-element-aaafaf2\" data-id=\"aaafaf2\" data-element_type=\"column\">\n\t\t\t<div class=\"elementor-column-wrap elementor-element-populated\">\n\t\t\t\t\t\t\t<div class=\"elementor-widget-wrap\">\n\t\t\t\t\t\t<div class=\"elementor-element elementor-element-de43793 elementor-widget elementor-widget-text-editor\" data-id=\"de43793\" data-element_type=\"widget\" data-widget_type=\"text-editor.default\">\n\t\t\t\t<div class=\"elementor-widget-container\">\n\t\t\t\t\t<div class=\"elementor-text-editor elementor-clearfix\"><p>Caso voc\u00ea necessite de algum apoio relativo ao Sistema de Consultas da UFMG, existem dois servi\u00e7os de suporte:<\/p><p>a) quando a d\u00favida for relacionada a editais de consultas eleitorais, cadastramento de pessoas autorizadas a administrar o sistema, informa\u00e7\u00f5es sobre \u201ccomo administrar\u201d o sistema, identifica\u00e7\u00e3o de votantes e assuntos similares, acione o suporte da CAC enviando e-mail para:<\/p><p><a href=\"mailto:consultas-suporte@cac.ufmg.br\">consultas-suporte@cac.ufmg.br<\/a><\/p><p>b) caso sua necessidade diga respeito a indisponibilidade ou mau funcionamento do sistema, acesso ao minhaUFMG, problemas ao votar e assuntos similares, acione o suporte da DTI enviando e-mail para:<\/p><p><a href=\"mailto:suporte@dti.ufmg.br\">suporte@dti.ufmg.br<\/a><\/p><\/div>\n\t\t\t\t<\/div>\n\t\t\t\t<\/div>\n\t\t\t\t\t\t<\/div>\n\t\t\t\t\t<\/div>\n\t\t<\/div>\n\t\t\t\t\t\t\t\t<\/div>\n\t\t\t\t\t<\/div>\n\t\t<\/section>\n\t\t\t\t\t\t<\/div>\n\t\t\t\t\t\t<\/div>\n\t\t\t\t\t<\/div>\n\t\t","protected":false},"excerpt":{"rendered":"<p>Fale conosco Caso voc\u00ea necessite de algum apoio relativo ao Sistema de Consultas da UFMG, existem dois servi\u00e7os de suporte: a) quando a d\u00favida for relacionada a editais de consultas eleitorais, cadastramento de pessoas autorizadas a administrar o sistema, informa\u00e7\u00f5es sobre \u201ccomo administrar\u201d o sistema, identifica\u00e7\u00e3o de votantes e assuntos similares, acione o suporte da&hellip;&nbsp;<a href=\"https:\/\/consultas.ufmg.br\/?page_id=718\" class=\"\" rel=\"bookmark\">Continue a ler &raquo;<span class=\"screen-reader-text\">Fale conosco<\/span><\/a><\/p>\n","protected":false},"author":1,"featured_media":0,"parent":0,"menu_order":0,"comment_status":"closed","ping_status":"closed","template":"page-templates\/template-pagebuilder-full-width.php","meta":[],"_links":{"self":[{"href":"https:\/\/consultas.ufmg.br\/index.php?rest_route=\/wp\/v2\/pages\/718"}],"collection":[{"href":"https:\/\/consultas.ufmg.br\/index.php?rest_route=\/wp\/v2\/pages"}],"about":[{"href":"https:\/\/consultas.ufmg.br\/index.php?rest_route=\/wp\/v2\/types\/page"}],"author":[{"embeddable":true,"href":"https:\/\/consultas.ufmg.br\/index.php?rest_route=\/wp\/v2\/users\/1"}],"replies":[{"embeddable":true,"href":"https:\/\/consultas.ufmg.br\/index.php?rest_route=%2Fwp%2Fv2%2Fcomments&post=718"}],"version-history":[{"count":4,"href":"https:\/\/consultas.ufmg.br\/index.php?rest_route=\/wp\/v2\/pages\/718\/revisions"}],"predecessor-version":[{"id":889,"href":"https:\/\/consultas.ufmg.br\/index.php?rest_route=\/wp\/v2\/pages\/718\/revisions\/889"}],"wp:attachment":[{"href":"https:\/\/consultas.ufmg.br\/index.php?rest_route=%2Fwp%2Fv2%2Fmedia&parent=718"}],"curies":[{"name":"wp","href":"https:\/\/api.w.org\/{rel}","templated":true}]}}