{"id":629,"date":"2020-09-16T09:36:20","date_gmt":"2020-09-16T12:36:20","guid":{"rendered":"https:\/\/consultas.ufmg.br\/?page_id=629"},"modified":"2020-09-16T11:17:29","modified_gmt":"2020-09-16T14:17:29","slug":"quem-vota","status":"publish","type":"page","link":"https:\/\/consultas.ufmg.br\/?page_id=629","title":{"rendered":"Quem vota"},"content":{"rendered":"\t\t<div data-elementor-type=\"wp-page\" data-elementor-id=\"629\" class=\"elementor elementor-629\" data-elementor-settings=\"[]\">\n\t\t\t\t\t\t<div class=\"elementor-inner\">\n\t\t\t\t\t\t\t<div class=\"elementor-section-wrap\">\n\t\t\t\t\t\t\t<section class=\"elementor-section elementor-top-section elementor-element elementor-element-e8e15e5 elementor-section-boxed elementor-section-height-default elementor-section-height-default\" data-id=\"e8e15e5\" data-element_type=\"section\">\n\t\t\t\t\t\t<div class=\"elementor-container elementor-column-gap-default\">\n\t\t\t\t\t\t\t<div class=\"elementor-row\">\n\t\t\t\t\t<div class=\"elementor-column elementor-col-100 elementor-top-column elementor-element elementor-element-e182ffd\" data-id=\"e182ffd\" data-element_type=\"column\">\n\t\t\t<div class=\"elementor-column-wrap elementor-element-populated\">\n\t\t\t\t\t\t\t<div class=\"elementor-widget-wrap\">\n\t\t\t\t\t\t<div class=\"elementor-element elementor-element-121ab8c elementor-widget elementor-widget-heading\" data-id=\"121ab8c\" data-element_type=\"widget\" data-widget_type=\"heading.default\">\n\t\t\t\t<div class=\"elementor-widget-container\">\n\t\t\t<h2 class=\"elementor-heading-title elementor-size-default\">Quem vota<\/h2>\t\t<\/div>\n\t\t\t\t<\/div>\n\t\t\t\t\t\t<\/div>\n\t\t\t\t\t<\/div>\n\t\t<\/div>\n\t\t\t\t\t\t\t\t<\/div>\n\t\t\t\t\t<\/div>\n\t\t<\/section>\n\t\t\t\t<section class=\"elementor-section elementor-top-section elementor-element elementor-element-708495e elementor-section-boxed elementor-section-height-default elementor-section-height-default\" data-id=\"708495e\" data-element_type=\"section\">\n\t\t\t\t\t\t<div class=\"elementor-container elementor-column-gap-default\">\n\t\t\t\t\t\t\t<div class=\"elementor-row\">\n\t\t\t\t\t<div class=\"elementor-column elementor-col-100 elementor-top-column elementor-element elementor-element-cfef015\" data-id=\"cfef015\" data-element_type=\"column\">\n\t\t\t<div class=\"elementor-column-wrap elementor-element-populated\">\n\t\t\t\t\t\t\t<div class=\"elementor-widget-wrap\">\n\t\t\t\t\t\t<div class=\"elementor-element elementor-element-3abcabc elementor-widget elementor-widget-text-editor\" data-id=\"3abcabc\" data-element_type=\"widget\" data-widget_type=\"text-editor.default\">\n\t\t\t\t<div class=\"elementor-widget-container\">\n\t\t\t\t\t<div class=\"elementor-text-editor elementor-clearfix\"><p>A participa\u00e7\u00e3o nas consultas eleitorais \u00e9 definida de acordo com o segmento ao qual o votante pertence e sua situa\u00e7\u00e3o cadastral:<\/p><p>\u00a0 \u00a0 a)<strong> Docentes<\/strong>: servidores com contrato ativo pertencentes ao quadro de pessoal da UFMG e integrantes das carreiras de magist\u00e9rio superior e de magist\u00e9rio de ensino b\u00e1sico, t\u00e9cnico e tecnol\u00f3gico.<br \/>\u00a0 \u00a0 b) <strong>T\u00e9cnicos administrativos em educa\u00e7\u00e3o<\/strong>: servidores com contrato ativo pertencentes ao quadro de pessoal da UFMG e integrantes das carreiras PCCTAE, cargos em comiss\u00e3o de recrutamento amplo e PUCRCE.<br \/>\u00a0 \u00a0 c) <strong>Discentes<\/strong>: os alunos matriculados nos cursos de gradua\u00e7\u00e3o e p\u00f3s-gradua\u00e7\u00e3o da UFMG que estejam com suas matr\u00edculas ativas no per\u00edodo letivo definido pela consulta.<\/p><p>Definem-se como servidores com contrato ativo aqueles que n\u00e3o estejam nas situa\u00e7\u00f5es de exonerado, aposentado ou afastado por um dos seguintes motivos:<\/p><p>\u00a0 \u00a0 I. Licen\u00e7a para tratar de interesses particulares.<br \/>\u00a0 \u00a0 II. Licen\u00e7a por motivo de acompanhamento de c\u00f4njuge.<br \/>\u00a0 \u00a0 III. Licen\u00e7a por motivo de doen\u00e7a em pessoa da fam\u00edlia.<\/p><p>Nos casos onde o votante participe de mais de um segmento, para efeito da consulta eleitoral ele integrar\u00e1 somente o primeiro do qual ele fizer parte, obedecida a seguinte ordem:<\/p><p>\u00a0 \u00a0 I. Docentes<br \/>\u00a0 \u00a0 II. T\u00e9cnicos administrativos<br \/>\u00a0 \u00a0 III. Discentes<\/p><p>Nas consultas onde se restringem os votantes por unidade acad\u00eamica, essas restri\u00e7\u00f5es s\u00e3o aplicadas como descrito a seguir.<\/p><p>\u00a0 \u00a0 I. <strong>Segmento docente<\/strong>: define-se a participa\u00e7\u00e3o de acordo com a unidade de lota\u00e7\u00e3o do cargo.<br \/>\u00a0 \u00a0 II. <strong>Segmento t\u00e9cnico administrativo<\/strong>: define-se a participa\u00e7\u00e3o de acordo com a unidade ao qual est\u00e1 vinculado o contrato.<br \/>\u00a0 \u00a0 III. <strong>Segmento discente<\/strong>: as consultas podem definir dois crit\u00e9rios de restri\u00e7\u00e3o, sendo eles:<br \/>\u00a0 \u00a0 \u00a0 \u00a0 I. os alunos matriculados nos cursos vinculados \u00e0 unidade ou<br \/>\u00a0 \u00a0 \u00a0 \u00a0 II. os alunos que, no semestre definido pela consulta, cursam o maior n\u00famero de atividades acad\u00eamicas na unidade.<\/p><\/div>\n\t\t\t\t<\/div>\n\t\t\t\t<\/div>\n\t\t\t\t<div class=\"elementor-element elementor-element-8ce9ef4 elementor-align-right elementor-widget elementor-widget-button\" data-id=\"8ce9ef4\" data-element_type=\"widget\" data-widget_type=\"button.default\">\n\t\t\t\t<div class=\"elementor-widget-container\">\n\t\t\t\t\t<div class=\"elementor-button-wrapper\">\n\t\t\t<a href=\"#header-grid\" class=\"elementor-button-link elementor-button elementor-size-sm\" role=\"button\">\n\t\t\t\t\t\t<span class=\"elementor-button-content-wrapper\">\n\t\t\t\t\t\t<span class=\"elementor-button-text\">^Topo<\/span>\n\t\t<\/span>\n\t\t\t\t\t<\/a>\n\t\t<\/div>\n\t\t\t\t<\/div>\n\t\t\t\t<\/div>\n\t\t\t\t\t\t<\/div>\n\t\t\t\t\t<\/div>\n\t\t<\/div>\n\t\t\t\t\t\t\t\t<\/div>\n\t\t\t\t\t<\/div>\n\t\t<\/section>\n\t\t\t\t\t\t<\/div>\n\t\t\t\t\t\t<\/div>\n\t\t\t\t\t<\/div>\n\t\t","protected":false},"excerpt":{"rendered":"<p>Quem vota A participa\u00e7\u00e3o nas consultas eleitorais \u00e9 definida de acordo com o segmento ao qual o votante pertence e sua situa\u00e7\u00e3o cadastral: \u00a0 \u00a0 a) Docentes: servidores com contrato ativo pertencentes ao quadro de pessoal da UFMG e integrantes das carreiras de magist\u00e9rio superior e de magist\u00e9rio de ensino b\u00e1sico, t\u00e9cnico e tecnol\u00f3gico.\u00a0 \u00a0&hellip;&nbsp;<a href=\"https:\/\/consultas.ufmg.br\/?page_id=629\" class=\"\" rel=\"bookmark\">Continue a ler &raquo;<span class=\"screen-reader-text\">Quem vota<\/span><\/a><\/p>\n","protected":false},"author":1,"featured_media":0,"parent":0,"menu_order":0,"comment_status":"closed","ping_status":"closed","template":"page-templates\/template-pagebuilder-full-width.php","meta":[],"_links":{"self":[{"href":"https:\/\/consultas.ufmg.br\/index.php?rest_route=\/wp\/v2\/pages\/629"}],"collection":[{"href":"https:\/\/consultas.ufmg.br\/index.php?rest_route=\/wp\/v2\/pages"}],"about":[{"href":"https:\/\/consultas.ufmg.br\/index.php?rest_route=\/wp\/v2\/types\/page"}],"author":[{"embeddable":true,"href":"https:\/\/consultas.ufmg.br\/index.php?rest_route=\/wp\/v2\/users\/1"}],"replies":[{"embeddable":true,"href":"https:\/\/consultas.ufmg.br\/index.php?rest_route=%2Fwp%2Fv2%2Fcomments&post=629"}],"version-history":[{"count":5,"href":"https:\/\/consultas.ufmg.br\/index.php?rest_route=\/wp\/v2\/pages\/629\/revisions"}],"predecessor-version":[{"id":641,"href":"https:\/\/consultas.ufmg.br\/index.php?rest_route=\/wp\/v2\/pages\/629\/revisions\/641"}],"wp:attachment":[{"href":"https:\/\/consultas.ufmg.br\/index.php?rest_route=%2Fwp%2Fv2%2Fmedia&parent=629"}],"curies":[{"name":"wp","href":"https:\/\/api.w.org\/{rel}","templated":true}]}}