{"id":135,"date":"2020-09-01T09:10:11","date_gmt":"2020-09-01T12:10:11","guid":{"rendered":"https:\/\/eleicoes-des.cecom.ufmg.br\/?page_id=135"},"modified":"2021-07-18T19:07:49","modified_gmt":"2021-07-18T22:07:49","slug":"como-votar","status":"publish","type":"page","link":"https:\/\/consultas.ufmg.br\/?page_id=135","title":{"rendered":"Como votar"},"content":{"rendered":"\t\t<div data-elementor-type=\"wp-page\" data-elementor-id=\"135\" class=\"elementor elementor-135\" data-elementor-settings=\"[]\">\n\t\t\t\t\t\t<div class=\"elementor-inner\">\n\t\t\t\t\t\t\t<div class=\"elementor-section-wrap\">\n\t\t\t\t\t\t\t<section class=\"elementor-section elementor-top-section elementor-element elementor-element-fdd998d elementor-section-boxed elementor-section-height-default elementor-section-height-default\" data-id=\"fdd998d\" data-element_type=\"section\">\n\t\t\t\t\t\t<div class=\"elementor-container elementor-column-gap-default\">\n\t\t\t\t\t\t\t<div class=\"elementor-row\">\n\t\t\t\t\t<div class=\"elementor-column elementor-col-100 elementor-top-column elementor-element elementor-element-1358a65\" data-id=\"1358a65\" data-element_type=\"column\">\n\t\t\t<div class=\"elementor-column-wrap elementor-element-populated\">\n\t\t\t\t\t\t\t<div class=\"elementor-widget-wrap\">\n\t\t\t\t\t\t<div class=\"elementor-element elementor-element-1fc003e elementor-widget elementor-widget-heading\" data-id=\"1fc003e\" data-element_type=\"widget\" data-widget_type=\"heading.default\">\n\t\t\t\t<div class=\"elementor-widget-container\">\n\t\t\t<h2 class=\"elementor-heading-title elementor-size-default\">Como votar<\/h2>\t\t<\/div>\n\t\t\t\t<\/div>\n\t\t\t\t\t\t<\/div>\n\t\t\t\t\t<\/div>\n\t\t<\/div>\n\t\t\t\t\t\t\t\t<\/div>\n\t\t\t\t\t<\/div>\n\t\t<\/section>\n\t\t\t\t<section class=\"elementor-section elementor-top-section elementor-element elementor-element-9c56d92 elementor-section-boxed elementor-section-height-default elementor-section-height-default\" data-id=\"9c56d92\" data-element_type=\"section\">\n\t\t\t\t\t\t<div class=\"elementor-container elementor-column-gap-default\">\n\t\t\t\t\t\t\t<div class=\"elementor-row\">\n\t\t\t\t\t<div class=\"elementor-column elementor-col-100 elementor-top-column elementor-element elementor-element-1711fb2\" data-id=\"1711fb2\" data-element_type=\"column\">\n\t\t\t<div class=\"elementor-column-wrap elementor-element-populated\">\n\t\t\t\t\t\t\t<div class=\"elementor-widget-wrap\">\n\t\t\t\t\t\t<div class=\"elementor-element elementor-element-59cb69a elementor-widget elementor-widget-text-editor\" data-id=\"59cb69a\" data-element_type=\"widget\" data-widget_type=\"text-editor.default\">\n\t\t\t\t<div class=\"elementor-widget-container\">\n\t\t\t\t\t<div class=\"elementor-text-editor elementor-clearfix\"><p>Para votar em uma consulta h\u00e1 dois caminhos poss\u00edveis:<\/p><p>a) acesse o link \u201cConsultas eleitorais\u201d no portal minhaUFMG, no canal \u201cSistemas\u201d, grupo \u201cAplica\u00e7\u00f5es Administrativas\u201d ou<\/p><p>b) acesse o sistema de consultas a partir do site consultas.ufmg.br.<\/p><p>Antes de conhecer as telas do Sistema de Consulta que voc\u00ea percorrer\u00e1 para votar, veja o fluxo que \u00e9 seguido durante a vota\u00e7\u00e3o.<\/p><div id=\"attachment_666\" style=\"width: 1361px\" class=\"wp-caption aligncenter\"><a href=\"https:\/\/consultas.ufmg.br\/wp-content\/uploads\/2020\/10\/Bizagi-consultaonline-como-votar.png\"><img loading=\"lazy\" aria-describedby=\"caption-attachment-666\" class=\"wp-image-666 size-full\" src=\"https:\/\/consultas.ufmg.br\/wp-content\/uploads\/2020\/10\/Bizagi-consultaonline-como-votar.png\" alt=\"Diagrama do fluxo de vota\u00e7\u00e3o. Comunicado da realiza\u00e7\u00e3o da consulta seguido por aguardar o in\u00edcio, seguido por acessar o minhaUFMG ou o site consultas.ufmg.br, seguido por localizar consulta, seguido por copiar token, seguido por link para consulta, seguido por escolher op\u00e7\u00e3o desejada, seguido por validar o voto fornecendo token, seguido por finalizar voto, fechando em voto realizado.\" width=\"1351\" height=\"365\" srcset=\"https:\/\/consultas.ufmg.br\/wp-content\/uploads\/2020\/10\/Bizagi-consultaonline-como-votar.png 1351w, https:\/\/consultas.ufmg.br\/wp-content\/uploads\/2020\/10\/Bizagi-consultaonline-como-votar-300x81.png 300w, https:\/\/consultas.ufmg.br\/wp-content\/uploads\/2020\/10\/Bizagi-consultaonline-como-votar-1024x277.png 1024w, https:\/\/consultas.ufmg.br\/wp-content\/uploads\/2020\/10\/Bizagi-consultaonline-como-votar-768x207.png 768w\" sizes=\"(max-width: 1351px) 100vw, 1351px\" \/><\/a><p id=\"caption-attachment-666\" class=\"wp-caption-text\">Diagrama do fluxo de vota\u00e7\u00e3o.<\/p><\/div><p>Ao acessar o Sistema de Consulta ser\u00e1 exibida uma lista das consultas nas quais voc\u00ea consta como participante, estejam elas encerradas, em andamento ou n\u00e3o iniciadas.<\/p><\/div>\n\t\t\t\t<\/div>\n\t\t\t\t<\/div>\n\t\t\t\t<div class=\"elementor-element elementor-element-d386bdd elementor-widget elementor-widget-image\" data-id=\"d386bdd\" data-element_type=\"widget\" data-widget_type=\"image.default\">\n\t\t\t\t<div class=\"elementor-widget-container\">\n\t\t\t\t\t<div class=\"elementor-image\">\n\t\t\t\t\t\t\t<figure class=\"wp-caption\">\n\t\t\t\t\t\t\t\t\t\t<img width=\"1024\" height=\"486\" src=\"https:\/\/consultas.ufmg.br\/wp-content\/uploads\/2021\/04\/situacoes_voto-1024x486.png\" class=\"attachment-large size-large\" alt=\"Vota\u00e7\u00e3o encerrada, vota\u00e7\u00e3o em curso e vota\u00e7\u00e3o ainda n\u00e3o aberta.\" loading=\"lazy\" srcset=\"https:\/\/consultas.ufmg.br\/wp-content\/uploads\/2021\/04\/situacoes_voto-1024x486.png 1024w, https:\/\/consultas.ufmg.br\/wp-content\/uploads\/2021\/04\/situacoes_voto-300x143.png 300w, https:\/\/consultas.ufmg.br\/wp-content\/uploads\/2021\/04\/situacoes_voto-768x365.png 768w, https:\/\/consultas.ufmg.br\/wp-content\/uploads\/2021\/04\/situacoes_voto-1536x730.png 1536w, https:\/\/consultas.ufmg.br\/wp-content\/uploads\/2021\/04\/situacoes_voto.png 1920w\" sizes=\"(max-width: 1024px) 100vw, 1024px\" \/>\t\t\t\t\t\t\t\t\t\t\t<figcaption class=\"widget-image-caption wp-caption-text\">Tela inicial do Sistema de Consulta contendo uma lista das consultas nas quais voc\u00ea consta como participante.<\/figcaption>\n\t\t\t\t\t\t\t\t\t\t<\/figure>\n\t\t\t\t\t<\/div>\n\t\t\t\t<\/div>\n\t\t\t\t<\/div>\n\t\t\t\t\t\t<\/div>\n\t\t\t\t\t<\/div>\n\t\t<\/div>\n\t\t\t\t\t\t\t\t<\/div>\n\t\t\t\t\t<\/div>\n\t\t<\/section>\n\t\t\t\t<section class=\"elementor-section elementor-top-section elementor-element elementor-element-ec414bf elementor-section-boxed elementor-section-height-default elementor-section-height-default\" data-id=\"ec414bf\" data-element_type=\"section\">\n\t\t\t\t\t\t<div class=\"elementor-container elementor-column-gap-default\">\n\t\t\t\t\t\t\t<div class=\"elementor-row\">\n\t\t\t\t\t<div class=\"elementor-column elementor-col-100 elementor-top-column elementor-element elementor-element-d48c1ff\" data-id=\"d48c1ff\" data-element_type=\"column\">\n\t\t\t<div class=\"elementor-column-wrap elementor-element-populated\">\n\t\t\t\t\t\t\t<div class=\"elementor-widget-wrap\">\n\t\t\t\t\t\t<div class=\"elementor-element elementor-element-ed7704b elementor-widget elementor-widget-text-editor\" data-id=\"ed7704b\" data-element_type=\"widget\" data-widget_type=\"text-editor.default\">\n\t\t\t\t<div class=\"elementor-widget-container\">\n\t\t\t\t\t<div class=\"elementor-text-editor elementor-clearfix\"><p>A lista cont\u00e9m o nome da consulta, o <em>Token<\/em> para vota\u00e7\u00e3o, o link para acesso \u00e0 cabine de vota\u00e7\u00e3o, bem como outros documentos relacionados a cada consulta listada.<\/p><p>Caso a vota\u00e7\u00e3o esteja encerrada ou n\u00e3o iniciada n\u00e3o s\u00e3o exibidos o token e o link de vota\u00e7\u00e3o.<\/p><p>O <em>Token<\/em> \u00e9 sua chave para realizar a vota\u00e7\u00e3o, depositando o voto na urna. Ele \u00e9 pessoal e \u00fanico, sendo espec\u00edfico e v\u00e1lido para uma \u00fanica consulta. N\u00e3o informe seu <em>Token<\/em> para outras pessoas.<\/p><p>Copie seu <em>Token<\/em>, utilizando o bot\u00e3o &#8220;Copiar token&#8221; antes de selecionar o link\u00a0 de vota\u00e7\u00e3o, pois ser\u00e1 necess\u00e1rio fornecer o <em>Token<\/em> para validar seu voto.<\/p><p>Ao selecionar um link de vota\u00e7\u00e3o, voc\u00ea ser\u00e1 direcionado a uma cabine de vota\u00e7\u00e3o no sistema <em><a href=\"\/#helios\">Helios Voting<\/a><\/em> que \u00e9 o respons\u00e1vel pela coleta, criptografia, guarda e posterior apura\u00e7\u00e3o das consultas na UFMG.<\/p><\/div>\n\t\t\t\t<\/div>\n\t\t\t\t<\/div>\n\t\t\t\t<div class=\"elementor-element elementor-element-fa3c55f elementor-widget elementor-widget-image\" data-id=\"fa3c55f\" data-element_type=\"widget\" data-widget_type=\"image.default\">\n\t\t\t\t<div class=\"elementor-widget-container\">\n\t\t\t\t\t<div class=\"elementor-image\">\n\t\t\t\t\t\t\t<figure class=\"wp-caption\">\n\t\t\t\t\t\t\t\t\t\t<img width=\"1024\" height=\"516\" src=\"https:\/\/consultas.ufmg.br\/wp-content\/uploads\/2020\/09\/objetos_lista_consulta-1024x516.png\" class=\"attachment-large size-large\" alt=\"\" loading=\"lazy\" srcset=\"https:\/\/consultas.ufmg.br\/wp-content\/uploads\/2020\/09\/objetos_lista_consulta-1024x516.png 1024w, https:\/\/consultas.ufmg.br\/wp-content\/uploads\/2020\/09\/objetos_lista_consulta-300x151.png 300w, https:\/\/consultas.ufmg.br\/wp-content\/uploads\/2020\/09\/objetos_lista_consulta-768x387.png 768w, https:\/\/consultas.ufmg.br\/wp-content\/uploads\/2020\/09\/objetos_lista_consulta-1536x774.png 1536w, https:\/\/consultas.ufmg.br\/wp-content\/uploads\/2020\/09\/objetos_lista_consulta.png 1920w\" sizes=\"(max-width: 1024px) 100vw, 1024px\" \/>\t\t\t\t\t\t\t\t\t\t\t<figcaption class=\"widget-image-caption wp-caption-text\">Tela inicial do Sistema de Consulta contendo o T\u00edtulo da consulta, o Token da consulta, o link para cabine de vota\u00e7\u00e3o e link de acesso para documentos da consulta.<\/figcaption>\n\t\t\t\t\t\t\t\t\t\t<\/figure>\n\t\t\t\t\t<\/div>\n\t\t\t\t<\/div>\n\t\t\t\t<\/div>\n\t\t\t\t<div class=\"elementor-element elementor-element-252b18d elementor-widget elementor-widget-text-editor\" data-id=\"252b18d\" data-element_type=\"widget\" data-widget_type=\"text-editor.default\">\n\t\t\t\t<div class=\"elementor-widget-container\">\n\t\t\t\t\t<div class=\"elementor-text-editor elementor-clearfix\"><p>Ao copiar o <em>Token<\/em> utilizando o bot\u00e3o &#8220;Copiar <em>token<\/em>&#8221; ser\u00e1 exibido um aviso &#8220;<em>Token<\/em> copiado com sucesso.&#8221;.<\/p><\/div>\n\t\t\t\t<\/div>\n\t\t\t\t<\/div>\n\t\t\t\t<div class=\"elementor-element elementor-element-74541a3 elementor-widget elementor-widget-image\" data-id=\"74541a3\" data-element_type=\"widget\" data-widget_type=\"image.default\">\n\t\t\t\t<div class=\"elementor-widget-container\">\n\t\t\t\t\t<div class=\"elementor-image\">\n\t\t\t\t\t\t\t<figure class=\"wp-caption\">\n\t\t\t\t\t\t\t\t\t\t<img width=\"1024\" height=\"227\" src=\"https:\/\/consultas.ufmg.br\/wp-content\/uploads\/2020\/09\/token_sucesso-1024x227.png\" class=\"attachment-large size-large\" alt=\"\" loading=\"lazy\" srcset=\"https:\/\/consultas.ufmg.br\/wp-content\/uploads\/2020\/09\/token_sucesso-1024x227.png 1024w, https:\/\/consultas.ufmg.br\/wp-content\/uploads\/2020\/09\/token_sucesso-300x67.png 300w, https:\/\/consultas.ufmg.br\/wp-content\/uploads\/2020\/09\/token_sucesso-768x171.png 768w, https:\/\/consultas.ufmg.br\/wp-content\/uploads\/2020\/09\/token_sucesso-1536x341.png 1536w, https:\/\/consultas.ufmg.br\/wp-content\/uploads\/2020\/09\/token_sucesso.png 1603w\" sizes=\"(max-width: 1024px) 100vw, 1024px\" \/>\t\t\t\t\t\t\t\t\t\t\t<figcaption class=\"widget-image-caption wp-caption-text\">Aviso \"Token copiado com sucesso\" gerada pelo sistema.<\/figcaption>\n\t\t\t\t\t\t\t\t\t\t<\/figure>\n\t\t\t\t\t<\/div>\n\t\t\t\t<\/div>\n\t\t\t\t<\/div>\n\t\t\t\t<div class=\"elementor-element elementor-element-2033659 elementor-widget elementor-widget-text-editor\" data-id=\"2033659\" data-element_type=\"widget\" data-widget_type=\"text-editor.default\">\n\t\t\t\t<div class=\"elementor-widget-container\">\n\t\t\t\t\t<div class=\"elementor-text-editor elementor-clearfix\"><p>Na primeira tela da cabine de vota\u00e7\u00e3o se encontram o nome da consulta e a descri\u00e7\u00e3o\u00a0 dos pr\u00f3ximos passos para realizar a vota\u00e7\u00e3o:<\/p><ol><li>Escolha as op\u00e7\u00f5es de sua prefer\u00eancia.<br \/>Voc\u00ea pode avan\u00e7ar ou retornar pelas p\u00e1ginas livremente.<\/li><li>Revise e Confirme suas escolhas.<br \/>Suas escolhas s\u00e3o cifradas em seguran\u00e7a no ambiente do seu navegador e voc\u00ea receber\u00e1 um n\u00famero para rastreio de sua c\u00e9dula.<\/li><li>Envie sua c\u00e9dula cifrada.<br \/>Voc\u00ea ser\u00e1 solicitado a fazer seu acesso no sistema <em><a href=\"\/#helios\">Helios Voting<\/a><\/em>, utilizando o <em>Token<\/em> que foi copiado, para poder enviar sua c\u00e9dula cifrada para a totaliza\u00e7\u00e3o.<\/li><\/ol><p>Em seguida selecione o bot\u00e3o &#8220;Come\u00e7ar&#8221;.<\/p><\/div>\n\t\t\t\t<\/div>\n\t\t\t\t<\/div>\n\t\t\t\t<div class=\"elementor-element elementor-element-1abce12 elementor-widget elementor-widget-image\" data-id=\"1abce12\" data-element_type=\"widget\" data-widget_type=\"image.default\">\n\t\t\t\t<div class=\"elementor-widget-container\">\n\t\t\t\t\t<div class=\"elementor-image\">\n\t\t\t\t\t\t\t<figure class=\"wp-caption\">\n\t\t\t\t\t\t\t\t\t\t<img width=\"1024\" height=\"516\" src=\"https:\/\/consultas.ufmg.br\/wp-content\/uploads\/2020\/09\/cabine_votacao_1-1024x516.png\" class=\"attachment-large size-large\" alt=\"\" loading=\"lazy\" srcset=\"https:\/\/consultas.ufmg.br\/wp-content\/uploads\/2020\/09\/cabine_votacao_1-1024x516.png 1024w, https:\/\/consultas.ufmg.br\/wp-content\/uploads\/2020\/09\/cabine_votacao_1-300x151.png 300w, https:\/\/consultas.ufmg.br\/wp-content\/uploads\/2020\/09\/cabine_votacao_1-768x387.png 768w, https:\/\/consultas.ufmg.br\/wp-content\/uploads\/2020\/09\/cabine_votacao_1-1536x774.png 1536w, https:\/\/consultas.ufmg.br\/wp-content\/uploads\/2020\/09\/cabine_votacao_1.png 1920w\" sizes=\"(max-width: 1024px) 100vw, 1024px\" \/>\t\t\t\t\t\t\t\t\t\t\t<figcaption class=\"widget-image-caption wp-caption-text\">Tela inicial da cabine de vota\u00e7\u00e3o contendo o nome da consulta, as instru\u00e7\u00f5es para vota\u00e7\u00e3o e o bot\u00e3o \"Come\u00e7ar\".<\/figcaption>\n\t\t\t\t\t\t\t\t\t\t<\/figure>\n\t\t\t\t\t<\/div>\n\t\t\t\t<\/div>\n\t\t\t\t<\/div>\n\t\t\t\t<div class=\"elementor-element elementor-element-9532b85 elementor-widget elementor-widget-text-editor\" data-id=\"9532b85\" data-element_type=\"widget\" data-widget_type=\"text-editor.default\">\n\t\t\t\t<div class=\"elementor-widget-container\">\n\t\t\t\t\t<div class=\"elementor-text-editor elementor-clearfix\"><p>A pr\u00f3xima tela exibir\u00e1 o pleito, as op\u00e7\u00f5es de voto a serem selecionadas e o bot\u00e3o &#8220;Prosseguir&#8221;.<\/p><p>Ap\u00f3s selecionar sua op\u00e7\u00e3o de voto clique no bot\u00e3o &#8220;Prosseguir&#8221;.<\/p><\/div>\n\t\t\t\t<\/div>\n\t\t\t\t<\/div>\n\t\t\t\t<div class=\"elementor-element elementor-element-7a734d6 elementor-widget elementor-widget-image\" data-id=\"7a734d6\" data-element_type=\"widget\" data-widget_type=\"image.default\">\n\t\t\t\t<div class=\"elementor-widget-container\">\n\t\t\t\t\t<div class=\"elementor-image\">\n\t\t\t\t\t\t\t<figure class=\"wp-caption\">\n\t\t\t\t\t\t\t\t\t\t<img width=\"1024\" height=\"516\" src=\"https:\/\/consultas.ufmg.br\/wp-content\/uploads\/2020\/09\/cabine_votacao_2-1024x516.png\" class=\"attachment-large size-large\" alt=\"\" loading=\"lazy\" srcset=\"https:\/\/consultas.ufmg.br\/wp-content\/uploads\/2020\/09\/cabine_votacao_2-1024x516.png 1024w, https:\/\/consultas.ufmg.br\/wp-content\/uploads\/2020\/09\/cabine_votacao_2-300x151.png 300w, https:\/\/consultas.ufmg.br\/wp-content\/uploads\/2020\/09\/cabine_votacao_2-768x387.png 768w, https:\/\/consultas.ufmg.br\/wp-content\/uploads\/2020\/09\/cabine_votacao_2-1536x774.png 1536w, https:\/\/consultas.ufmg.br\/wp-content\/uploads\/2020\/09\/cabine_votacao_2.png 1920w\" sizes=\"(max-width: 1024px) 100vw, 1024px\" \/>\t\t\t\t\t\t\t\t\t\t\t<figcaption class=\"widget-image-caption wp-caption-text\">Tela de escolha exibindo o pleito da consulta, as op\u00e7\u00f5es de escolha de voto da cabine de vota\u00e7\u00e3o e o bot\u00e3o prosseguir.<\/figcaption>\n\t\t\t\t\t\t\t\t\t\t<\/figure>\n\t\t\t\t\t<\/div>\n\t\t\t\t<\/div>\n\t\t\t\t<\/div>\n\t\t\t\t<div class=\"elementor-element elementor-element-a8d4708 elementor-widget elementor-widget-text-editor\" data-id=\"a8d4708\" data-element_type=\"widget\" data-widget_type=\"text-editor.default\">\n\t\t\t\t<div class=\"elementor-widget-container\">\n\t\t\t\t\t<div class=\"elementor-text-editor elementor-clearfix\"><p>Na tela seguinte ser\u00e1 exibida a op\u00e7\u00e3o de voto escolhida.<\/p><p>Nessa tela existe um link para auditar o voto e um link para que seja feita a revis\u00e3o do voto, caso sejam necess\u00e1rios, e o n\u00famero de rastreio da c\u00e9dula na consulta.<\/p><p>Caso seja necess\u00e1rio alterar o voto selecione o link &#8220;editar minha escolha&#8221; e repita os passos para escolha do voto.<\/p><p>Se a revis\u00e3o n\u00e3o for mais necess\u00e1ria selecione o bot\u00e3o &#8220;Enviar meu voto&#8221; para dar prosseguimento ao processo de vota\u00e7\u00e3o.<\/p><\/div>\n\t\t\t\t<\/div>\n\t\t\t\t<\/div>\n\t\t\t\t<div class=\"elementor-element elementor-element-8adb9c2 elementor-widget elementor-widget-image\" data-id=\"8adb9c2\" data-element_type=\"widget\" data-widget_type=\"image.default\">\n\t\t\t\t<div class=\"elementor-widget-container\">\n\t\t\t\t\t<div class=\"elementor-image\">\n\t\t\t\t\t\t\t<figure class=\"wp-caption\">\n\t\t\t\t\t\t\t\t\t\t<img width=\"1024\" height=\"516\" src=\"https:\/\/consultas.ufmg.br\/wp-content\/uploads\/2020\/09\/cabine_votacao_3-1024x516.png\" class=\"attachment-large size-large\" alt=\"\" loading=\"lazy\" srcset=\"https:\/\/consultas.ufmg.br\/wp-content\/uploads\/2020\/09\/cabine_votacao_3-1024x516.png 1024w, https:\/\/consultas.ufmg.br\/wp-content\/uploads\/2020\/09\/cabine_votacao_3-300x151.png 300w, https:\/\/consultas.ufmg.br\/wp-content\/uploads\/2020\/09\/cabine_votacao_3-768x387.png 768w, https:\/\/consultas.ufmg.br\/wp-content\/uploads\/2020\/09\/cabine_votacao_3-1536x774.png 1536w, https:\/\/consultas.ufmg.br\/wp-content\/uploads\/2020\/09\/cabine_votacao_3.png 1920w\" sizes=\"(max-width: 1024px) 100vw, 1024px\" \/>\t\t\t\t\t\t\t\t\t\t\t<figcaption class=\"widget-image-caption wp-caption-text\">Tela da etapa de revis\u00e3o do voto na cabine de vota\u00e7\u00e3o. Cont\u00e9m o link para auditar o voto, op\u00e7\u00e3o escolhida com link para  editar o voto, o n\u00famero de rastreio da c\u00e9dula e o bot\u00e3o \"Enviar meu voto\".<\/figcaption>\n\t\t\t\t\t\t\t\t\t\t<\/figure>\n\t\t\t\t\t<\/div>\n\t\t\t\t<\/div>\n\t\t\t\t<\/div>\n\t\t\t\t<div class=\"elementor-element elementor-element-18b3c9e elementor-widget elementor-widget-text-editor\" data-id=\"18b3c9e\" data-element_type=\"widget\" data-widget_type=\"text-editor.default\">\n\t\t\t\t<div class=\"elementor-widget-container\">\n\t\t\t\t\t<div class=\"elementor-text-editor elementor-clearfix\"><p>Na pr\u00f3xima tela ser\u00e1 exibido seu login do <em>minhaUFMG<\/em> e ser\u00e1 solicitado que seja fornecido o <em>Token<\/em> de seguran\u00e7a, aquele que voc\u00ea copiou anteriormente na lista de consultas. Isso permitir\u00e1 a valida\u00e7\u00e3o segura da c\u00e9dula de vota\u00e7\u00e3o. Use a fun\u00e7\u00e3o \u201ccolar\u201d ou \u201cctrl V\u201d, em seu computador, para informar o <em>Token<\/em>. \u00c9 importante observar que durante o per\u00edodo v\u00e1lido para esta consulta \u00e9 permitido alterar e reenviar novamente o voto, at\u00e9 que se encerre o prazo de vota\u00e7\u00e3o.<\/p><p>Nesta tela tamb\u00e9m estar\u00e1 exibido o c\u00f3digo localizador da c\u00e9dula caso seja necess\u00e1ria a verifica\u00e7\u00e3o do processo.<\/p><p>Ap\u00f3s fornecer o <em>Token<\/em>, selecione o bot\u00e3o &#8220;enviar c\u00e9dula&#8221; para encerrar o processo de vota\u00e7\u00e3o.<\/p><\/div>\n\t\t\t\t<\/div>\n\t\t\t\t<\/div>\n\t\t\t\t<div class=\"elementor-element elementor-element-b78e331 elementor-widget elementor-widget-image\" data-id=\"b78e331\" data-element_type=\"widget\" data-widget_type=\"image.default\">\n\t\t\t\t<div class=\"elementor-widget-container\">\n\t\t\t\t\t<div class=\"elementor-image\">\n\t\t\t\t\t\t\t<figure class=\"wp-caption\">\n\t\t\t\t\t\t\t\t\t\t<img width=\"1024\" height=\"516\" src=\"https:\/\/consultas.ufmg.br\/wp-content\/uploads\/2020\/09\/tel5cabine-1024x516.png\" class=\"attachment-large size-large\" alt=\"\" loading=\"lazy\" srcset=\"https:\/\/consultas.ufmg.br\/wp-content\/uploads\/2020\/09\/tel5cabine-1024x516.png 1024w, https:\/\/consultas.ufmg.br\/wp-content\/uploads\/2020\/09\/tel5cabine-300x151.png 300w, https:\/\/consultas.ufmg.br\/wp-content\/uploads\/2020\/09\/tel5cabine-768x387.png 768w, https:\/\/consultas.ufmg.br\/wp-content\/uploads\/2020\/09\/tel5cabine-1536x774.png 1536w, https:\/\/consultas.ufmg.br\/wp-content\/uploads\/2020\/09\/tel5cabine.png 1920w\" sizes=\"(max-width: 1024px) 100vw, 1024px\" \/>\t\t\t\t\t\t\t\t\t\t\t<figcaption class=\"widget-image-caption wp-caption-text\">Tela da cabine de vota\u00e7\u00e3o contendo o login minhaUFMG do participante e o campo para inser\u00e7\u00e3o do Token fornecido na tela inicial do Sistema de Consulta, o c\u00f3digo localizador da c\u00e9dula e o bot\u00e3o \"Enviar c\u00e9dula\".<\/figcaption>\n\t\t\t\t\t\t\t\t\t\t<\/figure>\n\t\t\t\t\t<\/div>\n\t\t\t\t<\/div>\n\t\t\t\t<\/div>\n\t\t\t\t<div class=\"elementor-element elementor-element-ab4a41c elementor-widget elementor-widget-text-editor\" data-id=\"ab4a41c\" data-element_type=\"widget\" data-widget_type=\"text-editor.default\">\n\t\t\t\t<div class=\"elementor-widget-container\">\n\t\t\t\t\t<div class=\"elementor-text-editor elementor-clearfix\"><p>A \u00faltima tela da cabine de vota\u00e7\u00e3o exibe a confirma\u00e7\u00e3o de envio do voto com sucesso assim como o c\u00f3digo localizador da c\u00e9dula.<\/p><p>A vota\u00e7\u00e3o est\u00e1 encerrada!<\/p><p>Cuide da seguran\u00e7a do seu voto, se assegurando de que ningu\u00e9m utilizar\u00e1 seu computador ou dispositivo, posteriormente, sem que voc\u00ea tenha feito logout no portal <em>minhaUFMG<\/em> e fechado o navegador.<\/p><p>Caso tenha outras consultas com vota\u00e7\u00e3o aberta que deseje participar, retorne ao portal minhaUFMG para novo processo de vota\u00e7\u00e3o.<\/p><\/div>\n\t\t\t\t<\/div>\n\t\t\t\t<\/div>\n\t\t\t\t<div class=\"elementor-element elementor-element-e4557cd elementor-widget elementor-widget-image\" data-id=\"e4557cd\" data-element_type=\"widget\" data-widget_type=\"image.default\">\n\t\t\t\t<div class=\"elementor-widget-container\">\n\t\t\t\t\t<div class=\"elementor-image\">\n\t\t\t\t\t\t\t<figure class=\"wp-caption\">\n\t\t\t\t\t\t\t\t\t\t<img width=\"1024\" height=\"516\" src=\"https:\/\/consultas.ufmg.br\/wp-content\/uploads\/2020\/09\/tel6cabine-1024x516.png\" class=\"attachment-large size-large\" alt=\"\" loading=\"lazy\" srcset=\"https:\/\/consultas.ufmg.br\/wp-content\/uploads\/2020\/09\/tel6cabine-1024x516.png 1024w, https:\/\/consultas.ufmg.br\/wp-content\/uploads\/2020\/09\/tel6cabine-300x151.png 300w, https:\/\/consultas.ufmg.br\/wp-content\/uploads\/2020\/09\/tel6cabine-768x387.png 768w, https:\/\/consultas.ufmg.br\/wp-content\/uploads\/2020\/09\/tel6cabine-1536x774.png 1536w, https:\/\/consultas.ufmg.br\/wp-content\/uploads\/2020\/09\/tel6cabine.png 1920w\" sizes=\"(max-width: 1024px) 100vw, 1024px\" \/>\t\t\t\t\t\t\t\t\t\t\t<figcaption class=\"widget-image-caption wp-caption-text\">Tela final da cabine de vota\u00e7\u00e3o contendo a mensagem de confirma\u00e7\u00e3o do envio da c\u00e9dula, o c\u00f3digo localizador da c\u00e9dula e um link para retornar a tela inicial da cabine de vota\u00e7\u00e3o.<\/figcaption>\n\t\t\t\t\t\t\t\t\t\t<\/figure>\n\t\t\t\t\t<\/div>\n\t\t\t\t<\/div>\n\t\t\t\t<\/div>\n\t\t\t\t<div class=\"elementor-element elementor-element-a91c692 elementor-align-right elementor-widget elementor-widget-button\" data-id=\"a91c692\" data-element_type=\"widget\" data-widget_type=\"button.default\">\n\t\t\t\t<div class=\"elementor-widget-container\">\n\t\t\t\t\t<div class=\"elementor-button-wrapper\">\n\t\t\t<a href=\"#header-grid\" class=\"elementor-button-link elementor-button elementor-size-sm\" role=\"button\">\n\t\t\t\t\t\t<span class=\"elementor-button-content-wrapper\">\n\t\t\t\t\t\t<span class=\"elementor-button-text\">^Topo<\/span>\n\t\t<\/span>\n\t\t\t\t\t<\/a>\n\t\t<\/div>\n\t\t\t\t<\/div>\n\t\t\t\t<\/div>\n\t\t\t\t\t\t<\/div>\n\t\t\t\t\t<\/div>\n\t\t<\/div>\n\t\t\t\t\t\t\t\t<\/div>\n\t\t\t\t\t<\/div>\n\t\t<\/section>\n\t\t\t\t<section class=\"elementor-section elementor-top-section elementor-element elementor-element-088b1aa elementor-section-boxed elementor-section-height-default elementor-section-height-default\" data-id=\"088b1aa\" data-element_type=\"section\">\n\t\t\t\t\t\t<div class=\"elementor-container elementor-column-gap-default\">\n\t\t\t\t\t\t\t<div class=\"elementor-row\">\n\t\t\t\t\t<div class=\"elementor-column elementor-col-100 elementor-top-column elementor-element elementor-element-c446dad\" data-id=\"c446dad\" data-element_type=\"column\">\n\t\t\t<div class=\"elementor-column-wrap\">\n\t\t\t\t\t\t\t<div class=\"elementor-widget-wrap\">\n\t\t\t\t\t\t\t\t<\/div>\n\t\t\t\t\t<\/div>\n\t\t<\/div>\n\t\t\t\t\t\t\t\t<\/div>\n\t\t\t\t\t<\/div>\n\t\t<\/section>\n\t\t\t\t\t\t<\/div>\n\t\t\t\t\t\t<\/div>\n\t\t\t\t\t<\/div>\n\t\t","protected":false},"excerpt":{"rendered":"<p>Como votar Para votar em uma consulta h\u00e1 dois caminhos poss\u00edveis: a) acesse o link \u201cConsultas eleitorais\u201d no portal minhaUFMG, no canal \u201cSistemas\u201d, grupo \u201cAplica\u00e7\u00f5es Administrativas\u201d ou b) acesse o sistema de consultas a partir do site consultas.ufmg.br. Antes de conhecer as telas do Sistema de Consulta que voc\u00ea percorrer\u00e1 para votar, veja o fluxo&hellip;&nbsp;<a href=\"https:\/\/consultas.ufmg.br\/?page_id=135\" class=\"\" rel=\"bookmark\">Continue a ler &raquo;<span class=\"screen-reader-text\">Como votar<\/span><\/a><\/p>\n","protected":false},"author":1,"featured_media":0,"parent":0,"menu_order":0,"comment_status":"closed","ping_status":"closed","template":"page-templates\/template-pagebuilder-full-width.php","meta":[],"_links":{"self":[{"href":"https:\/\/consultas.ufmg.br\/index.php?rest_route=\/wp\/v2\/pages\/135"}],"collection":[{"href":"https:\/\/consultas.ufmg.br\/index.php?rest_route=\/wp\/v2\/pages"}],"about":[{"href":"https:\/\/consultas.ufmg.br\/index.php?rest_route=\/wp\/v2\/types\/page"}],"author":[{"embeddable":true,"href":"https:\/\/consultas.ufmg.br\/index.php?rest_route=\/wp\/v2\/users\/1"}],"replies":[{"embeddable":true,"href":"https:\/\/consultas.ufmg.br\/index.php?rest_route=%2Fwp%2Fv2%2Fcomments&post=135"}],"version-history":[{"count":68,"href":"https:\/\/consultas.ufmg.br\/index.php?rest_route=\/wp\/v2\/pages\/135\/revisions"}],"predecessor-version":[{"id":1080,"href":"https:\/\/consultas.ufmg.br\/index.php?rest_route=\/wp\/v2\/pages\/135\/revisions\/1080"}],"wp:attachment":[{"href":"https:\/\/consultas.ufmg.br\/index.php?rest_route=%2Fwp%2Fv2%2Fmedia&parent=135"}],"curies":[{"name":"wp","href":"https:\/\/api.w.org\/{rel}","templated":true}]}}